{"id":16082,"date":"2024-08-14T06:02:34","date_gmt":"2024-08-14T06:02:34","guid":{"rendered":"https:\/\/gpgtradenetwork.com\/?post_type=product&#038;p=16082"},"modified":"2025-11-10T03:28:23","modified_gmt":"2025-11-10T03:28:23","slug":"blanc-barbara-fores","status":"publish","type":"product","link":"https:\/\/gpgtradenetwork.com\/fr\/shop\/blanc-barbara-fores\/","title":{"rendered":"Blanc B\u00e0rbara For\u00e9s"},"content":{"rendered":"<p><strong>CELLAR BARBARA FOR\u00c9S<\/strong><\/p>\n<p>&nbsp;<\/p>\n<p>With the name\u00a0<strong>B\u00c0RBARA FOR\u00c9S,\u00a0<\/strong>we<em>\u00a0Manuel Sanmart\u00edn\u00a0<\/em>and<em>\u00a0Carmen Ferrer\u00a0<\/em>(husband and wife)<em>,\u00a0<\/em>have wanted to pay tribute to my great grandmother\u00a0<em>B\u00e0rbara For\u00e9s,\u00a0<\/em>born in Gandesa on 7th February 1828.<\/p>\n<p><em>B\u00e0rbara For\u00e9s<\/em>, the daughter of a wine merchant (Rafael For\u00e9s) and an agrarian landlady (Mar\u00eda Figueras), was a woman with a driven personality who had a profound impact on his son Rafael. Consequently, Rafael Ferrer For\u00e9s, a chemist and a learned viticulturist, had a winery built in the stately home, where he began to bottle wine towards the end of the 19th century.<\/p>\n<p><em>B\u00e0rbara For\u00e9s<\/em>\u00a0means, therefore, a respect and tradition in the making of wine that has been passed on from generation to generation for more than a hundred years.<\/p>\n<p>&nbsp;<\/p>","protected":false},"excerpt":{"rendered":"<h1>Blanc B\u00e0rbara For\u00e9s<\/h1>\n<h2><strong>White Grenache<\/strong><\/h2>\n<p>Garnacha blanca (white grenache) fermented in stainless steel tanks with a later brief aging on its lees<\/p>","protected":false},"featured_media":16547,"comment_status":"open","ping_status":"closed","template":"","meta":[],"product_brand":[],"product_cat":[73,79],"product_tag":[],"class_list":{"0":"post-16082","1":"product","2":"type-product","3":"status-publish","4":"has-post-thumbnail","6":"product_cat-barbara-fores","7":"product_cat-white","8":"pa_color-white","10":"first","11":"instock","12":"shipping-taxable","13":"purchasable","14":"product-type-simple"},"yoast_head":"<!-- This site is optimized with the Yoast SEO plugin v24.2 - https:\/\/yoast.com\/wordpress\/plugins\/seo\/ -->\n<title>Blanc B\u00e0rbara For\u00e9s - GPG Trade Network | Wine Importer and Distributor<\/title>\n<meta name=\"robots\" content=\"index, follow, max-snippet:-1, max-image-preview:large, max-video-preview:-1\" \/>\n<link rel=\"canonical\" href=\"https:\/\/gpgtradenetwork.com\/fr\/shop\/blanc-barbara-fores\/\" \/>\n<meta property=\"og:locale\" content=\"fr_FR\" \/>\n<meta property=\"og:type\" content=\"article\" \/>\n<meta property=\"og:title\" content=\"Blanc B\u00e0rbara For\u00e9s - GPG Trade Network | Wine Importer and Distributor\" \/>\n<meta property=\"og:description\" content=\"Blanc B\u00e0rbara For\u00e9s White Grenache Garnacha blanca (white grenache) fermented in stainless steel tanks with a later brief aging on its lees\" \/>\n<meta property=\"og:url\" content=\"https:\/\/gpgtradenetwork.com\/fr\/shop\/blanc-barbara-fores\/\" \/>\n<meta property=\"og:site_name\" content=\"GPG Trade Network | Wine Importer and Distributor\" \/>\n<meta property=\"article:publisher\" content=\"https:\/\/www.facebook.com\/profile.php?id=61562277574646\" \/>\n<meta property=\"article:modified_time\" content=\"2025-11-10T03:28:23+00:00\" \/>\n<meta property=\"og:image\" content=\"https:\/\/gpgtradenetwork.com\/wp-content\/uploads\/2024\/07\/Barbara-Fores-blanc.png\" \/>\n\t<meta property=\"og:image:width\" content=\"822\" \/>\n\t<meta property=\"og:image:height\" content=\"1064\" \/>\n\t<meta property=\"og:image:type\" content=\"image\/png\" \/>\n<meta name=\"twitter:card\" content=\"summary_large_image\" \/>\n<meta name=\"twitter:label1\" content=\"Dur\u00e9e de lecture estim\u00e9e\" \/>\n\t<meta name=\"twitter:data1\" content=\"1 minute\" \/>\n<script type=\"application\/ld+json\" class=\"yoast-schema-graph\">{\"@context\":\"https:\/\/schema.org\",\"@graph\":[{\"@type\":\"WebPage\",\"@id\":\"https:\/\/gpgtradenetwork.com\/shop\/blanc-barbara-fores\/\",\"url\":\"https:\/\/gpgtradenetwork.com\/shop\/blanc-barbara-fores\/\",\"name\":\"Blanc B\u00e0rbara For\u00e9s - GPG Trade Network | Wine Importer and Distributor\",\"isPartOf\":{\"@id\":\"https:\/\/gpgtradenetwork.com\/#website\"},\"primaryImageOfPage\":{\"@id\":\"https:\/\/gpgtradenetwork.com\/shop\/blanc-barbara-fores\/#primaryimage\"},\"image\":{\"@id\":\"https:\/\/gpgtradenetwork.com\/shop\/blanc-barbara-fores\/#primaryimage\"},\"thumbnailUrl\":\"https:\/\/gpgtradenetwork.com\/wp-content\/uploads\/2024\/07\/Barbara-Fores-blanc.png\",\"datePublished\":\"2024-08-14T06:02:34+00:00\",\"dateModified\":\"2025-11-10T03:28:23+00:00\",\"breadcrumb\":{\"@id\":\"https:\/\/gpgtradenetwork.com\/shop\/blanc-barbara-fores\/#breadcrumb\"},\"inLanguage\":\"fr-FR\",\"potentialAction\":[{\"@type\":\"ReadAction\",\"target\":[\"https:\/\/gpgtradenetwork.com\/shop\/blanc-barbara-fores\/\"]}]},{\"@type\":\"ImageObject\",\"inLanguage\":\"fr-FR\",\"@id\":\"https:\/\/gpgtradenetwork.com\/shop\/blanc-barbara-fores\/#primaryimage\",\"url\":\"https:\/\/gpgtradenetwork.com\/wp-content\/uploads\/2024\/07\/Barbara-Fores-blanc.png\",\"contentUrl\":\"https:\/\/gpgtradenetwork.com\/wp-content\/uploads\/2024\/07\/Barbara-Fores-blanc.png\",\"width\":822,\"height\":1064,\"caption\":\"barbara-fores-blanc\"},{\"@type\":\"BreadcrumbList\",\"@id\":\"https:\/\/gpgtradenetwork.com\/shop\/blanc-barbara-fores\/#breadcrumb\",\"itemListElement\":[{\"@type\":\"ListItem\",\"position\":1,\"name\":\"Home\",\"item\":\"https:\/\/gpgtradenetwork.com\/\"},{\"@type\":\"ListItem\",\"position\":2,\"name\":\"Shop\",\"item\":\"https:\/\/gpgtradenetwork.com\/shop\/\"},{\"@type\":\"ListItem\",\"position\":3,\"name\":\"Blanc B\u00e0rbara For\u00e9s\"}]},{\"@type\":\"WebSite\",\"@id\":\"https:\/\/gpgtradenetwork.com\/#website\",\"url\":\"https:\/\/gpgtradenetwork.com\/\",\"name\":\"GPG Trade Network | Wine Importer and Distributor\",\"description\":\"GPG Trade Network: Elevate, Connect, Thrive\",\"potentialAction\":[{\"@type\":\"SearchAction\",\"target\":{\"@type\":\"EntryPoint\",\"urlTemplate\":\"https:\/\/gpgtradenetwork.com\/?s={search_term_string}\"},\"query-input\":{\"@type\":\"PropertyValueSpecification\",\"valueRequired\":true,\"valueName\":\"search_term_string\"}}],\"inLanguage\":\"fr-FR\"}]}<\/script>\n<!-- \/ Yoast SEO plugin. -->","yoast_head_json":{"title":"Blanc B\u00e0rbara For\u00e9s - GPG Trade Network | Wine Importer and Distributor","robots":{"index":"index","follow":"follow","max-snippet":"max-snippet:-1","max-image-preview":"max-image-preview:large","max-video-preview":"max-video-preview:-1"},"canonical":"https:\/\/gpgtradenetwork.com\/fr\/shop\/blanc-barbara-fores\/","og_locale":"fr_FR","og_type":"article","og_title":"Blanc B\u00e0rbara For\u00e9s - GPG Trade Network | Wine Importer and Distributor","og_description":"Blanc B\u00e0rbara For\u00e9s White Grenache Garnacha blanca (white grenache) fermented in stainless steel tanks with a later brief aging on its lees","og_url":"https:\/\/gpgtradenetwork.com\/fr\/shop\/blanc-barbara-fores\/","og_site_name":"GPG Trade Network | Wine Importer and Distributor","article_publisher":"https:\/\/www.facebook.com\/profile.php?id=61562277574646","article_modified_time":"2025-11-10T03:28:23+00:00","og_image":[{"width":822,"height":1064,"url":"https:\/\/gpgtradenetwork.com\/wp-content\/uploads\/2024\/07\/Barbara-Fores-blanc.png","type":"image\/png"}],"twitter_card":"summary_large_image","twitter_misc":{"Dur\u00e9e de lecture estim\u00e9e":"1 minute"},"schema":{"@context":"https:\/\/schema.org","@graph":[{"@type":"WebPage","@id":"https:\/\/gpgtradenetwork.com\/shop\/blanc-barbara-fores\/","url":"https:\/\/gpgtradenetwork.com\/shop\/blanc-barbara-fores\/","name":"Blanc B\u00e0rbara For\u00e9s - GPG Trade Network | Wine Importer and Distributor","isPartOf":{"@id":"https:\/\/gpgtradenetwork.com\/#website"},"primaryImageOfPage":{"@id":"https:\/\/gpgtradenetwork.com\/shop\/blanc-barbara-fores\/#primaryimage"},"image":{"@id":"https:\/\/gpgtradenetwork.com\/shop\/blanc-barbara-fores\/#primaryimage"},"thumbnailUrl":"https:\/\/gpgtradenetwork.com\/wp-content\/uploads\/2024\/07\/Barbara-Fores-blanc.png","datePublished":"2024-08-14T06:02:34+00:00","dateModified":"2025-11-10T03:28:23+00:00","breadcrumb":{"@id":"https:\/\/gpgtradenetwork.com\/shop\/blanc-barbara-fores\/#breadcrumb"},"inLanguage":"fr-FR","potentialAction":[{"@type":"ReadAction","target":["https:\/\/gpgtradenetwork.com\/shop\/blanc-barbara-fores\/"]}]},{"@type":"ImageObject","inLanguage":"fr-FR","@id":"https:\/\/gpgtradenetwork.com\/shop\/blanc-barbara-fores\/#primaryimage","url":"https:\/\/gpgtradenetwork.com\/wp-content\/uploads\/2024\/07\/Barbara-Fores-blanc.png","contentUrl":"https:\/\/gpgtradenetwork.com\/wp-content\/uploads\/2024\/07\/Barbara-Fores-blanc.png","width":822,"height":1064,"caption":"barbara-fores-blanc"},{"@type":"BreadcrumbList","@id":"https:\/\/gpgtradenetwork.com\/shop\/blanc-barbara-fores\/#breadcrumb","itemListElement":[{"@type":"ListItem","position":1,"name":"Home","item":"https:\/\/gpgtradenetwork.com\/"},{"@type":"ListItem","position":2,"name":"Shop","item":"https:\/\/gpgtradenetwork.com\/shop\/"},{"@type":"ListItem","position":3,"name":"Blanc B\u00e0rbara For\u00e9s"}]},{"@type":"WebSite","@id":"https:\/\/gpgtradenetwork.com\/#website","url":"https:\/\/gpgtradenetwork.com\/","name":"GPG Trade Network | Wine Importer and Distributor","description":"GPG Trade Network: Elevate, Connect, Thrive","potentialAction":[{"@type":"SearchAction","target":{"@type":"EntryPoint","urlTemplate":"https:\/\/gpgtradenetwork.com\/?s={search_term_string}"},"query-input":{"@type":"PropertyValueSpecification","valueRequired":true,"valueName":"search_term_string"}}],"inLanguage":"fr-FR"}]}},"_links":{"self":[{"href":"https:\/\/gpgtradenetwork.com\/fr\/wp-json\/wp\/v2\/product\/16082","targetHints":{"allow":["GET"]}}],"collection":[{"href":"https:\/\/gpgtradenetwork.com\/fr\/wp-json\/wp\/v2\/product"}],"about":[{"href":"https:\/\/gpgtradenetwork.com\/fr\/wp-json\/wp\/v2\/types\/product"}],"replies":[{"embeddable":true,"href":"https:\/\/gpgtradenetwork.com\/fr\/wp-json\/wp\/v2\/comments?post=16082"}],"version-history":[{"count":2,"href":"https:\/\/gpgtradenetwork.com\/fr\/wp-json\/wp\/v2\/product\/16082\/revisions"}],"predecessor-version":[{"id":16539,"href":"https:\/\/gpgtradenetwork.com\/fr\/wp-json\/wp\/v2\/product\/16082\/revisions\/16539"}],"wp:featuredmedia":[{"embeddable":true,"href":"https:\/\/gpgtradenetwork.com\/fr\/wp-json\/wp\/v2\/media\/16547"}],"wp:attachment":[{"href":"https:\/\/gpgtradenetwork.com\/fr\/wp-json\/wp\/v2\/media?parent=16082"}],"wp:term":[{"taxonomy":"product_brand","embeddable":true,"href":"https:\/\/gpgtradenetwork.com\/fr\/wp-json\/wp\/v2\/product_brand?post=16082"},{"taxonomy":"product_cat","embeddable":true,"href":"https:\/\/gpgtradenetwork.com\/fr\/wp-json\/wp\/v2\/product_cat?post=16082"},{"taxonomy":"product_tag","embeddable":true,"href":"https:\/\/gpgtradenetwork.com\/fr\/wp-json\/wp\/v2\/product_tag?post=16082"}],"curies":[{"name":"wp","href":"https:\/\/api.w.org\/{rel}","templated":true}]}}